{"id":204173,"date":"2023-11-03T14:56:41","date_gmt":"2023-11-03T12:56:41","guid":{"rendered":"https:\/\/webin.biz\/?page_id=204173"},"modified":"2023-11-14T12:29:41","modified_gmt":"2023-11-14T10:29:41","slug":"naslovnica","status":"publish","type":"page","link":"https:\/\/webin.biz\/","title":{"rendered":"Naslovnica"},"content":{"rendered":"\t\t<div data-elementor-type=\"wp-page\" data-elementor-id=\"204173\" class=\"elementor elementor-204173\" data-elementor-post-type=\"page\">\n\t\t\t\t<div class=\"elementor-element elementor-element-d4bb384 e-con-full e-flex e-con e-parent\" data-id=\"d4bb384\" data-element_type=\"container\" data-e-type=\"container\" id=\"misija\" data-settings=\"{&quot;background_background&quot;:&quot;classic&quot;}\">\n\t\t<div class=\"elementor-element elementor-element-4729ad8 e-con-full e-flex e-con e-child\" data-id=\"4729ad8\" data-element_type=\"container\" data-e-type=\"container\" data-settings=\"{&quot;background_background&quot;:&quot;gradient&quot;}\">\n\t\t\t\t<div class=\"elementor-element elementor-element-ef3ca8f elementor-widget elementor-widget-text-editor\" data-id=\"ef3ca8f\" data-element_type=\"widget\" data-e-type=\"widget\" data-widget_type=\"text-editor.default\">\n\t\t\t\t<div class=\"elementor-widget-container\">\n\t\t\t\t\t\t\t\t\t<div class=\"et_pb_module et_pb_text et_pb_text_0 et_pb_text_align_left et_pb_bg_layout_light\">\n<div class=\"et_pb_text_inner\">\n\nNa\u0161a misija je\u2026\n\n<\/div>\n<\/div>\n<div class=\"et_pb_module et_pb_cta_0 et_pb_promo et_pb_text_align_left et_pb_bg_layout_dark et_pb_no_bg\">\n<div class=\"et_pb_promo_description\"><br>\n<h1 class=\"et_pb_module_header\"><strong>Dizajnirati nezaboravno digitalno iskustvo.<\/strong><\/h1>\n<div><br>\n\nPratimo trendove, kao i razvoj tehnologije za izradu web stranica. Trudimo se budu\u0107em korisniku olak\u0161ati kori\u0161tenje na\u0161ih izra\u0111enih web stranica i uz to izraditi web stranicu \u201cugodnu oku\u201d.\n\n<\/div>\n<\/div>\n<\/div>\t\t\t\t\t\t\t\t<\/div>\n\t\t\t\t<\/div>\n\t\t\t\t<\/div>\n\t\t<div class=\"elementor-element elementor-element-58b411e e-con-full e-flex e-con e-child\" data-id=\"58b411e\" data-element_type=\"container\" data-e-type=\"container\">\n\t\t\t\t<div class=\"elementor-element elementor-element-a655262 elementor-position-top elementor-widget elementor-widget-image-box\" data-id=\"a655262\" data-element_type=\"widget\" data-e-type=\"widget\" data-widget_type=\"image-box.default\">\n\t\t\t\t<div class=\"elementor-widget-container\">\n\t\t\t\t\t<div class=\"elementor-image-box-wrapper\"><figure class=\"elementor-image-box-img\"><img decoding=\"async\" width=\"200\" height=\"200\" src=\"https:\/\/webin.biz\/wp-content\/uploads\/2023\/09\/Graficki-dizajn.png\" class=\"attachment-medium size-medium wp-image-204097\" alt=\"\" srcset=\"https:\/\/webin.biz\/wp-content\/uploads\/2023\/09\/Graficki-dizajn.png 200w, https:\/\/webin.biz\/wp-content\/uploads\/2023\/09\/Graficki-dizajn-150x150.png 150w\" sizes=\"(max-width: 200px) 100vw, 200px\" \/><\/figure><div class=\"elementor-image-box-content\"><h3 class=\"elementor-image-box-title\">Web Design<\/h3><\/div><\/div>\t\t\t\t<\/div>\n\t\t\t\t<\/div>\n\t\t\t\t<div class=\"elementor-element elementor-element-8dba0ee elementor-position-top elementor-widget elementor-widget-image-box\" data-id=\"8dba0ee\" data-element_type=\"widget\" data-e-type=\"widget\" data-widget_type=\"image-box.default\">\n\t\t\t\t<div class=\"elementor-widget-container\">\n\t\t\t\t\t<div class=\"elementor-image-box-wrapper\"><figure class=\"elementor-image-box-img\"><img decoding=\"async\" width=\"200\" height=\"200\" src=\"https:\/\/webin.biz\/wp-content\/uploads\/2023\/09\/Web-development.png\" class=\"attachment-medium size-medium wp-image-204101\" alt=\"\" srcset=\"https:\/\/webin.biz\/wp-content\/uploads\/2023\/09\/Web-development.png 200w, https:\/\/webin.biz\/wp-content\/uploads\/2023\/09\/Web-development-150x150.png 150w\" sizes=\"(max-width: 200px) 100vw, 200px\" \/><\/figure><div class=\"elementor-image-box-content\"><h3 class=\"elementor-image-box-title\">Web Development<\/h3><\/div><\/div>\t\t\t\t<\/div>\n\t\t\t\t<\/div>\n\t\t\t\t<\/div>\n\t\t<div class=\"elementor-element elementor-element-3898ba2 e-con-full e-flex e-con e-child\" data-id=\"3898ba2\" data-element_type=\"container\" data-e-type=\"container\">\n\t\t\t\t<div class=\"elementor-element elementor-element-7cee6f9 elementor-position-top elementor-widget elementor-widget-image-box\" data-id=\"7cee6f9\" data-element_type=\"widget\" data-e-type=\"widget\" data-widget_type=\"image-box.default\">\n\t\t\t\t<div class=\"elementor-widget-container\">\n\t\t\t\t\t<div class=\"elementor-image-box-wrapper\"><figure class=\"elementor-image-box-img\"><img decoding=\"async\" width=\"200\" height=\"200\" src=\"https:\/\/webin.biz\/wp-content\/uploads\/2023\/09\/Logo.png\" class=\"attachment-medium size-medium wp-image-204098\" alt=\"\" srcset=\"https:\/\/webin.biz\/wp-content\/uploads\/2023\/09\/Logo.png 200w, https:\/\/webin.biz\/wp-content\/uploads\/2023\/09\/Logo-150x150.png 150w\" sizes=\"(max-width: 200px) 100vw, 200px\" \/><\/figure><div class=\"elementor-image-box-content\"><h3 class=\"elementor-image-box-title\">Logo Design<\/h3><\/div><\/div>\t\t\t\t<\/div>\n\t\t\t\t<\/div>\n\t\t\t\t<div class=\"elementor-element elementor-element-2ede58d elementor-position-top elementor-widget elementor-widget-image-box\" data-id=\"2ede58d\" data-element_type=\"widget\" data-e-type=\"widget\" data-widget_type=\"image-box.default\">\n\t\t\t\t<div class=\"elementor-widget-container\">\n\t\t\t\t\t<div class=\"elementor-image-box-wrapper\"><figure class=\"elementor-image-box-img\"><img loading=\"lazy\" decoding=\"async\" width=\"200\" height=\"200\" src=\"https:\/\/webin.biz\/wp-content\/uploads\/2023\/09\/Seo.png\" class=\"attachment-medium size-medium wp-image-204100\" alt=\"\" srcset=\"https:\/\/webin.biz\/wp-content\/uploads\/2023\/09\/Seo.png 200w, https:\/\/webin.biz\/wp-content\/uploads\/2023\/09\/Seo-150x150.png 150w\" sizes=\"(max-width: 200px) 100vw, 200px\" \/><\/figure><div class=\"elementor-image-box-content\"><h3 class=\"elementor-image-box-title\">SEO<\/h3><\/div><\/div>\t\t\t\t<\/div>\n\t\t\t\t<\/div>\n\t\t\t\t<\/div>\n\t\t<div class=\"elementor-element elementor-element-1fba2e9 e-con-full e-flex e-con e-child\" data-id=\"1fba2e9\" data-element_type=\"container\" data-e-type=\"container\">\n\t\t\t\t<div class=\"elementor-element elementor-element-13838a4 elementor-position-top elementor-widget elementor-widget-image-box\" data-id=\"13838a4\" data-element_type=\"widget\" data-e-type=\"widget\" data-widget_type=\"image-box.default\">\n\t\t\t\t<div class=\"elementor-widget-container\">\n\t\t\t\t\t<div class=\"elementor-image-box-wrapper\"><figure class=\"elementor-image-box-img\"><img loading=\"lazy\" decoding=\"async\" width=\"200\" height=\"200\" src=\"https:\/\/webin.biz\/wp-content\/uploads\/2023\/09\/Web.png\" class=\"attachment-medium size-medium wp-image-204103\" alt=\"\" srcset=\"https:\/\/webin.biz\/wp-content\/uploads\/2023\/09\/Web.png 200w, https:\/\/webin.biz\/wp-content\/uploads\/2023\/09\/Web-150x150.png 150w\" sizes=\"(max-width: 200px) 100vw, 200px\" \/><\/figure><div class=\"elementor-image-box-content\"><h3 class=\"elementor-image-box-title\">Web Design<\/h3><\/div><\/div>\t\t\t\t<\/div>\n\t\t\t\t<\/div>\n\t\t\t\t<div class=\"elementor-element elementor-element-2e4eb64 elementor-position-top elementor-widget elementor-widget-image-box\" data-id=\"2e4eb64\" data-element_type=\"widget\" data-e-type=\"widget\" data-widget_type=\"image-box.default\">\n\t\t\t\t<div class=\"elementor-widget-container\">\n\t\t\t\t\t<div class=\"elementor-image-box-wrapper\"><figure class=\"elementor-image-box-img\"><img loading=\"lazy\" decoding=\"async\" width=\"200\" height=\"200\" src=\"https:\/\/webin.biz\/wp-content\/uploads\/2023\/09\/Online-marketing.png\" class=\"attachment-medium size-medium wp-image-204099\" alt=\"\" srcset=\"https:\/\/webin.biz\/wp-content\/uploads\/2023\/09\/Online-marketing.png 200w, https:\/\/webin.biz\/wp-content\/uploads\/2023\/09\/Online-marketing-150x150.png 150w\" sizes=\"(max-width: 200px) 100vw, 200px\" \/><\/figure><div class=\"elementor-image-box-content\"><h3 class=\"elementor-image-box-title\">Online Marketing<\/h3><\/div><\/div>\t\t\t\t<\/div>\n\t\t\t\t<\/div>\n\t\t\t\t<\/div>\n\t\t\t\t<\/div>\n\t\t<div class=\"elementor-element elementor-element-bec0f64 e-flex e-con-boxed e-con e-parent\" data-id=\"bec0f64\" data-element_type=\"container\" data-e-type=\"container\" data-settings=\"{&quot;background_background&quot;:&quot;classic&quot;}\">\n\t\t\t\t\t<div class=\"e-con-inner\">\n\t\t\t\t<div class=\"elementor-element elementor-element-d32343b elementor-widget elementor-widget-heading\" data-id=\"d32343b\" data-element_type=\"widget\" data-e-type=\"widget\" data-widget_type=\"heading.default\">\n\t\t\t\t<div class=\"elementor-widget-container\">\n\t\t\t\t\t<h2 class=\"elementor-heading-title elementor-size-default\">Web stranice po Va\u0161oj mjeri, sa suvremeno izra\u0111enim kodovima i prekrasnim dizajnom\n\n<\/h2>\t\t\t\t<\/div>\n\t\t\t\t<\/div>\n\t\t\t\t<div class=\"elementor-element elementor-element-ebe0590 elementor-widget elementor-widget-image\" data-id=\"ebe0590\" data-element_type=\"widget\" data-e-type=\"widget\" data-widget_type=\"image.default\">\n\t\t\t\t<div class=\"elementor-widget-container\">\n\t\t\t\t\t\t\t\t\t\t\t\t\t\t\t<img loading=\"lazy\" decoding=\"async\" width=\"800\" height=\"284\" src=\"https:\/\/webin.biz\/wp-content\/uploads\/2018\/01\/banner-1024x363.png\" class=\"attachment-large size-large wp-image-203972\" alt=\"\" srcset=\"https:\/\/webin.biz\/wp-content\/uploads\/2018\/01\/banner-1024x363.png 1024w, https:\/\/webin.biz\/wp-content\/uploads\/2018\/01\/banner-300x106.png 300w, https:\/\/webin.biz\/wp-content\/uploads\/2018\/01\/banner-768x272.png 768w, https:\/\/webin.biz\/wp-content\/uploads\/2018\/01\/banner.png 1077w\" sizes=\"(max-width: 800px) 100vw, 800px\" \/>\t\t\t\t\t\t\t\t\t\t\t\t\t\t\t<\/div>\n\t\t\t\t<\/div>\n\t\t\t\t<div class=\"elementor-element elementor-element-8786217 elementor-widget__width-initial elementor-widget elementor-widget-text-editor\" data-id=\"8786217\" data-element_type=\"widget\" data-e-type=\"widget\" data-widget_type=\"text-editor.default\">\n\t\t\t\t<div class=\"elementor-widget-container\">\n\t\t\t\t\t\t\t\t\tImati funkcionalnu web stranicu zna\u010di imati web stranicu koja se prilago\u0111ava va\u0161em poslovanju kako biste pobolj\u0161ali doseg do klijenta i vjerodostojnost u njihovim o\u010dima.<br><br>\n\nNe zaboravite va\u0161e poslovanje ne\u0107e biti cjelovito predstavljeno ako nemate i profesionalno napravljenu, kvalitetnu web stranicu.\t\t\t\t\t\t\t\t<\/div>\n\t\t\t\t<\/div>\n\t\t\t\t\t<\/div>\n\t\t\t\t<\/div>\n\t\t<div class=\"elementor-element elementor-element-b007534 e-con-full e-flex e-con e-parent\" data-id=\"b007534\" data-element_type=\"container\" data-e-type=\"container\" data-settings=\"{&quot;background_background&quot;:&quot;classic&quot;}\">\n\t\t\t\t<div class=\"elementor-element elementor-element-74aa6aa elementor-widget elementor-widget-image\" data-id=\"74aa6aa\" data-element_type=\"widget\" data-e-type=\"widget\" data-widget_type=\"image.default\">\n\t\t\t\t<div class=\"elementor-widget-container\">\n\t\t\t\t\t\t\t\t\t\t\t\t\t\t\t<img loading=\"lazy\" decoding=\"async\" width=\"1536\" height=\"652\" src=\"https:\/\/webin.biz\/wp-content\/uploads\/2017\/12\/design-1536x652.png\" class=\"attachment-1536x1536 size-1536x1536 wp-image-1050\" alt=\"\" srcset=\"https:\/\/webin.biz\/wp-content\/uploads\/2017\/12\/design-1536x652.png 1536w, https:\/\/webin.biz\/wp-content\/uploads\/2017\/12\/design-300x127.png 300w, https:\/\/webin.biz\/wp-content\/uploads\/2017\/12\/design-1024x435.png 1024w, https:\/\/webin.biz\/wp-content\/uploads\/2017\/12\/design-768x326.png 768w, https:\/\/webin.biz\/wp-content\/uploads\/2017\/12\/design.png 1569w\" sizes=\"(max-width: 1536px) 100vw, 1536px\" \/>\t\t\t\t\t\t\t\t\t\t\t\t\t\t\t<\/div>\n\t\t\t\t<\/div>\n\t\t\t\t<\/div>\n\t\t<div class=\"elementor-element elementor-element-93294bd e-flex e-con-boxed e-con e-parent\" data-id=\"93294bd\" data-element_type=\"container\" data-e-type=\"container\" id=\"ponuda\" data-settings=\"{&quot;background_background&quot;:&quot;classic&quot;}\">\n\t\t\t\t\t<div class=\"e-con-inner\">\n\t\t\t\t<div class=\"elementor-element elementor-element-2417157 elementor-widget elementor-widget-heading\" data-id=\"2417157\" data-element_type=\"widget\" data-e-type=\"widget\" data-widget_type=\"heading.default\">\n\t\t\t\t<div class=\"elementor-widget-container\">\n\t\t\t\t\t<h2 class=\"elementor-heading-title elementor-size-default\">\u0160to nudimo?<\/h2>\t\t\t\t<\/div>\n\t\t\t\t<\/div>\n\t\t\t\t\t<\/div>\n\t\t\t\t<\/div>\n\t\t<div class=\"elementor-element elementor-element-da1cd8e e-flex e-con-boxed e-con e-parent\" data-id=\"da1cd8e\" data-element_type=\"container\" data-e-type=\"container\" data-settings=\"{&quot;background_background&quot;:&quot;classic&quot;,&quot;shape_divider_bottom&quot;:&quot;mountains&quot;}\">\n\t\t\t\t\t<div class=\"e-con-inner\">\n\t\t\t\t<div class=\"elementor-shape elementor-shape-bottom\" aria-hidden=\"true\" data-negative=\"false\">\n\t\t\t<svg xmlns=\"http:\/\/www.w3.org\/2000\/svg\" viewBox=\"0 0 1000 100\" preserveAspectRatio=\"none\">\n\t<path class=\"elementor-shape-fill\" opacity=\"0.33\" d=\"M473,67.3c-203.9,88.3-263.1-34-320.3,0C66,119.1,0,59.7,0,59.7V0h1000v59.7 c0,0-62.1,26.1-94.9,29.3c-32.8,3.3-62.8-12.3-75.8-22.1C806,49.6,745.3,8.7,694.9,4.7S492.4,59,473,67.3z\"\/>\n\t<path class=\"elementor-shape-fill\" opacity=\"0.66\" d=\"M734,67.3c-45.5,0-77.2-23.2-129.1-39.1c-28.6-8.7-150.3-10.1-254,39.1 s-91.7-34.4-149.2,0C115.7,118.3,0,39.8,0,39.8V0h1000v36.5c0,0-28.2-18.5-92.1-18.5C810.2,18.1,775.7,67.3,734,67.3z\"\/>\n\t<path class=\"elementor-shape-fill\" d=\"M766.1,28.9c-200-57.5-266,65.5-395.1,19.5C242,1.8,242,5.4,184.8,20.6C128,35.8,132.3,44.9,89.9,52.5C28.6,63.7,0,0,0,0 h1000c0,0-9.9,40.9-83.6,48.1S829.6,47,766.1,28.9z\"\/>\n<\/svg>\t\t<\/div>\n\t\t<div class=\"elementor-element elementor-element-154c998 e-con-full e-flex e-con e-child\" data-id=\"154c998\" data-element_type=\"container\" data-e-type=\"container\">\n\t\t\t\t<div class=\"elementor-element elementor-element-374d113 elementor-widget__width-initial elementor-position-top elementor-widget elementor-widget-image-box\" data-id=\"374d113\" data-element_type=\"widget\" data-e-type=\"widget\" data-widget_type=\"image-box.default\">\n\t\t\t\t<div class=\"elementor-widget-container\">\n\t\t\t\t\t<div class=\"elementor-image-box-wrapper\"><figure class=\"elementor-image-box-img\"><img loading=\"lazy\" decoding=\"async\" width=\"200\" height=\"200\" src=\"https:\/\/webin.biz\/wp-content\/uploads\/2023\/09\/sigurnost.png\" class=\"attachment-medium size-medium wp-image-204117\" alt=\"\" srcset=\"https:\/\/webin.biz\/wp-content\/uploads\/2023\/09\/sigurnost.png 200w, https:\/\/webin.biz\/wp-content\/uploads\/2023\/09\/sigurnost-150x150.png 150w\" sizes=\"(max-width: 200px) 100vw, 200px\" \/><\/figure><div class=\"elementor-image-box-content\"><h3 class=\"elementor-image-box-title\">Sigurnost kao prioritet<\/h3><p class=\"elementor-image-box-description\">Na\u0161e web stranici rade na platformi koja se redovito a\u017eurira radi sigurnosti i pra\u0107enja tehnolo\u0161kog razvoja. A\u017euriranje se izvr\u0161ava na tjednoj bazi.<\/p><\/div><\/div>\t\t\t\t<\/div>\n\t\t\t\t<\/div>\n\t\t\t\t<\/div>\n\t\t<div class=\"elementor-element elementor-element-42f68ac e-con-full e-flex e-con e-child\" data-id=\"42f68ac\" data-element_type=\"container\" data-e-type=\"container\">\n\t\t\t\t<div class=\"elementor-element elementor-element-19d48ed elementor-widget__width-initial elementor-position-top elementor-widget elementor-widget-image-box\" data-id=\"19d48ed\" data-element_type=\"widget\" data-e-type=\"widget\" data-widget_type=\"image-box.default\">\n\t\t\t\t<div class=\"elementor-widget-container\">\n\t\t\t\t\t<div class=\"elementor-image-box-wrapper\"><figure class=\"elementor-image-box-img\"><img loading=\"lazy\" decoding=\"async\" width=\"200\" height=\"200\" src=\"https:\/\/webin.biz\/wp-content\/uploads\/2023\/09\/dizajn.png\" class=\"attachment-medium size-medium wp-image-204115\" alt=\"\" srcset=\"https:\/\/webin.biz\/wp-content\/uploads\/2023\/09\/dizajn.png 200w, https:\/\/webin.biz\/wp-content\/uploads\/2023\/09\/dizajn-150x150.png 150w\" sizes=\"(max-width: 200px) 100vw, 200px\" \/><\/figure><div class=\"elementor-image-box-content\"><h3 class=\"elementor-image-box-title\">Lijep i funkcionalan dizajn<\/h3><p class=\"elementor-image-box-description\">Pratimo sve novitete u web dizajnu i prilago\u0111avamo se svakom. Na\u0161e stranice prate trendove, ali se isto tako i od njih razlikuju. To im daje dodatnu unikatnost.<\/p><\/div><\/div>\t\t\t\t<\/div>\n\t\t\t\t<\/div>\n\t\t\t\t<\/div>\n\t\t<div class=\"elementor-element elementor-element-f73e675 e-con-full e-flex e-con e-child\" data-id=\"f73e675\" data-element_type=\"container\" data-e-type=\"container\">\n\t\t\t\t<div class=\"elementor-element elementor-element-69b4410 elementor-widget__width-initial elementor-position-top elementor-widget elementor-widget-image-box\" data-id=\"69b4410\" data-element_type=\"widget\" data-e-type=\"widget\" data-widget_type=\"image-box.default\">\n\t\t\t\t<div class=\"elementor-widget-container\">\n\t\t\t\t\t<div class=\"elementor-image-box-wrapper\"><figure class=\"elementor-image-box-img\"><img loading=\"lazy\" decoding=\"async\" width=\"200\" height=\"200\" src=\"https:\/\/webin.biz\/wp-content\/uploads\/2023\/09\/respozivnost.png\" class=\"attachment-medium size-medium wp-image-204116\" alt=\"\" srcset=\"https:\/\/webin.biz\/wp-content\/uploads\/2023\/09\/respozivnost.png 200w, https:\/\/webin.biz\/wp-content\/uploads\/2023\/09\/respozivnost-150x150.png 150w\" sizes=\"(max-width: 200px) 100vw, 200px\" \/><\/figure><div class=\"elementor-image-box-content\"><h3 class=\"elementor-image-box-title\">Respozivnost na svim ure\u0111ajima<\/h3><p class=\"elementor-image-box-description\">Kako tehnologija napreduje, tako je ekrana i njihovih korisnika sve vi\u0161e. Nudimo prilagodbu web stranice za svaki ekran, bilo da se radi o mobitelu, tabletu ili ra\u010dunalu.<\/p><\/div><\/div>\t\t\t\t<\/div>\n\t\t\t\t<\/div>\n\t\t\t\t<\/div>\n\t\t\t\t\t<\/div>\n\t\t\t\t<\/div>\n\t\t\t\t<\/div>\n\t\t","protected":false},"excerpt":{"rendered":"<p>Na\u0161a misija je\u2026 Dizajnirati nezaboravno digitalno iskustvo. Pratimo trendove, kao i razvoj tehnologije za izradu web stranica. Trudimo se budu\u0107em korisniku olak\u0161ati kori\u0161tenje na\u0161ih izra\u0111enih web stranica i uz to izraditi web stranicu \u201cugodnu oku\u201d. Web Design Web Development Logo Design SEO Web Design Online Marketing Web stranice po Va\u0161oj mjeri, sa suvremeno izra\u0111enim kodovima [&hellip;]<\/p>\n","protected":false},"author":1,"featured_media":0,"parent":0,"menu_order":0,"comment_status":"closed","ping_status":"closed","template":"elementor_header_footer","meta":{"footnotes":""},"class_list":["post-204173","page","type-page","status-publish","hentry"],"_links":{"self":[{"href":"https:\/\/webin.biz\/index.php?rest_route=\/wp\/v2\/pages\/204173","targetHints":{"allow":["GET"]}}],"collection":[{"href":"https:\/\/webin.biz\/index.php?rest_route=\/wp\/v2\/pages"}],"about":[{"href":"https:\/\/webin.biz\/index.php?rest_route=\/wp\/v2\/types\/page"}],"author":[{"embeddable":true,"href":"https:\/\/webin.biz\/index.php?rest_route=\/wp\/v2\/users\/1"}],"replies":[{"embeddable":true,"href":"https:\/\/webin.biz\/index.php?rest_route=%2Fwp%2Fv2%2Fcomments&post=204173"}],"version-history":[{"count":20,"href":"https:\/\/webin.biz\/index.php?rest_route=\/wp\/v2\/pages\/204173\/revisions"}],"predecessor-version":[{"id":204246,"href":"https:\/\/webin.biz\/index.php?rest_route=\/wp\/v2\/pages\/204173\/revisions\/204246"}],"wp:attachment":[{"href":"https:\/\/webin.biz\/index.php?rest_route=%2Fwp%2Fv2%2Fmedia&parent=204173"}],"curies":[{"name":"wp","href":"https:\/\/api.w.org\/{rel}","templated":true}]}}